{"id":1283,"date":"2020-02-14T14:26:04","date_gmt":"2020-02-14T13:26:04","guid":{"rendered":"http:\/\/arralbe.com\/?page_id=1283"},"modified":"2020-02-14T14:26:04","modified_gmt":"2020-02-14T13:26:04","slug":"arralbe","status":"publish","type":"page","link":"https:\/\/arralbe.com\/en\/arralbe\/","title":{"rendered":"Arralbe"},"content":{"rendered":"<\/div><\/div><\/div><!-- close content main div --><\/div><\/div><div id='av_section_1' class='avia-section main_color avia-section-large avia-no-border-styling avia-bg-style-scroll   container_wrap sidebar_right'   ><div class='container' ><div class='template-page content  av-content-small alpha units'><div class='post-entry post-entry-type-page post-entry-1283'><div class='entry-content-wrapper clearfix'>\n<div style='padding-bottom:30px;font-size:70px;' class='av-special-heading av-special-heading-h1  blockquote modern-quote   av-inherit-size '><h1 class='av-special-heading-tag '  itemprop=\"headline\"  >Arralbe<\/h1><div class='special-heading-border'><div class='special-heading-inner-border' ><\/div><\/div><\/div>\n<div style=' margin-top:0; margin-bottom:30px;'  class='hr hr-custom hr-left hr-icon-no  '><span class='hr-inner   inner-border-av-border-fat' style=' width:50px; border-color:#a81010;' ><span class='hr-inner-style'><\/span><\/span><\/div>\n<div class=\"flex_column av_one_half  flex_column_div av-zero-column-padding first  \" style='border-radius:0px; '><p><section class=\"av_textblock_section \"  itemscope=\"itemscope\" itemtype=\"https:\/\/schema.org\/CreativeWork\" ><div class='avia_textblock  '   itemprop=\"text\" ><p>English &#8211; Somos una empresa joven pero con una trayectoria importante en el dise\u00f1o, fabricaci\u00f3n, control y distribuci\u00f3n de herramienta de corte de metal duro.<\/p>\n<p>Disponemos de los medios productivos m\u00e1s modernos e innovadores del mercado, m\u00e1quinas afiladoras, <strong>CNC de 5 y 6 ejes de los fabricantes, WALTER Y ROLLOMATIC<\/strong>, todas ellas equipadas con cargadores autom\u00e1ticos robotizados que nos permiten obtener una productividad muy alta.<\/p>\n<\/div><\/section><br \/>\n<div style='height:30px' class='hr hr-invisible  '><span class='hr-inner ' ><span class='hr-inner-style'><\/span><\/span><\/div><\/p><\/div><div class=\"flex_column av_one_half  flex_column_div av-zero-column-padding   \" style='border-radius:0px; '><section class=\"av_textblock_section \"  itemscope=\"itemscope\" itemtype=\"https:\/\/schema.org\/CreativeWork\" ><div class='avia_textblock  '   itemprop=\"text\" ><h3>Sistemas de filtrado y refrigerado VOMAT<\/h3>\n<p>Perfecta limpieza y refrigerado de aceite para obtener unas herramientas de la mayor calidad.<\/p>\n<h3>Medios de verificaci\u00f3n de control de calidad<\/h3>\n<\/div><\/section><br \/>\n<div style='height:30px' class='hr hr-invisible  '><span class='hr-inner ' ><span class='hr-inner-style'><\/span><\/span><\/div><\/p><\/div>\n<\/div><\/div><\/div><!-- close content main div --><\/div><\/div><div id='after_section_1' class='main_color av_default_container_wrap container_wrap sidebar_right'   ><div class='container' ><div class='template-page content  av-content-small alpha units'><div class='post-entry post-entry-type-page post-entry-1283'><div class='entry-content-wrapper clearfix'>\n<\/div><\/div><\/div><!-- close content main div --><\/div><\/div><div id='av-layout-grid-1' class='av-layout-grid-container entry-content-wrapper alternate_color av-flex-cells    container_wrap sidebar_right'   >\n<div class=\"flex_cell no_margin av_two_third   avia-full-stretch av-zero-padding \" style='background-image:url(https:\/\/arralbe.com\/wp-content\/uploads\/2019\/10\/Instalaciones-1.jpg); background-position:center left; background-repeat:no-repeat; background-attachment:scroll; vertical-align:middle; padding:0px; '><div class='flex_cell_inner' ><\/div><\/div><div class=\"flex_cell no_margin av_one_third   \" style='vertical-align:middle; padding:100px; background-color:#f2f2f2; '><div class='flex_cell_inner' ><p><div style='padding-bottom:20px;font-size:50px;' class='av-special-heading av-special-heading-h2  blockquote modern-quote   av-inherit-size '><h2 class='av-special-heading-tag '  itemprop=\"headline\"  >Instalaciones<\/h2><div class='special-heading-border'><div class='special-heading-inner-border' ><\/div><\/div><\/div><br \/>\n<section class=\"av_textblock_section \"  itemscope=\"itemscope\" itemtype=\"https:\/\/schema.org\/CreativeWork\" ><div class='avia_textblock  '   itemprop=\"text\" ><p class=\"p1\">Nuestras instalaciones cuentan con una zona de producci\u00f3n en la que se hallan 6 maquinas afiladoras Walter: 3 Helitronic Mini Automotion, 2 Helitronic Micro y 1 Helitronic Vision. Cada maquina esta especializada en hacer un tipo determinado de herramienta, por lo que as\u00ed conseguimos una mayor agilidad y una mayor capacidad de producci\u00f3n al reducir notablemente los tiempos de preparaci\u00f3n de m\u00e1quina.<\/p>\n<p class=\"p1\">Tambi\u00e9n disponemos de una Rollomatic NP3 para realizar los trabajos de rectificado como son conos y cuellos, as\u00ed como el rectificado previo para la fabricaci\u00f3n de brocas y escariadores.<\/p>\n<p class=\"p1\">As\u00ed mismo tenemos un departamento de control de calidad en el que contamos, entre otros medios, con una Helicheck Plus con robot Fanuc y una Zoller Genius 3, con los que podemos garantizar la calidad de nuestras herramientas.<\/p>\n<p class=\"p1\">Otra secci\u00f3n importante es el almac\u00e9n, en el que se encuentran en stock el 100% de las herramientas de nuestro catalogo dispuestas para su entrega inmediata.<\/p>\n<\/div><\/section><\/p>\n<\/div><\/div>\n<\/div>\n<div  class='hr hr-default  '><span class='hr-inner ' ><span class='hr-inner-style'><\/span><\/span><\/div>\n<div id='av-masonry-1' class='av-masonry noHover av-fixed-size av-1px-gap av-hover-overlay- av-masonry-col-6 av-caption-always av-caption-style- av-masonry-gallery   av-orientation-landscape-large  ' style='background-color:#191919; ' ><div class='av-masonry-container isotope av-js-disabled ' ><div class='av-masonry-entry isotope-item av-masonry-item-no-image '><\/div><a href=\"https:\/\/arralbe.com\/wp-content\/uploads\/2019\/10\/Instalaciones-1030x728.jpg\" id='av-masonry-1-item-1191' data-av-masonry-item='1191' class='av-masonry-entry isotope-item post-1191 attachment type-attachment status-inherit hentry  av-masonry-item-with-image' title=\"\"  itemprop=\"thumbnailUrl\" ><div class='av-inner-masonry-sizer'><\/div><figure class='av-inner-masonry main_color'><div class=\"av-masonry-outerimage-container\"><div class=\"av-masonry-image-container\" style=\"background-image: url(https:\/\/arralbe.com\/wp-content\/uploads\/2019\/10\/Instalaciones-705x498.jpg);\"><img src=\"https:\/\/arralbe.com\/wp-content\/uploads\/2019\/10\/Instalaciones-705x498.jpg\" title=\"Instalaciones\" alt=\"\" \/><\/div><\/div><\/figure><\/a><!--end av-masonry entry--><\/div><\/div>\n<\/div><\/div><\/div><!-- close content main div --><\/div><\/div><div id='av_section_2' class='avia-section main_color avia-section-default avia-no-shadow avia-bg-style-scroll   container_wrap sidebar_right' style = 'background-color: #e63244; '  ><div class='container' ><div class='template-page content  av-content-small alpha units'><div class='post-entry post-entry-type-page post-entry-1283'><div class='entry-content-wrapper clearfix'><\/div><\/div><\/div><!-- close content main div --><\/div><\/div><div id='after_section_2' class='main_color av_default_container_wrap container_wrap sidebar_right'   ><div class='container' ><div class='template-page content  av-content-small alpha units'><div class='post-entry post-entry-type-page post-entry-1283'><div class='entry-content-wrapper clearfix'>\n","protected":false},"excerpt":{"rendered":"","protected":false},"author":1,"featured_media":0,"parent":0,"menu_order":0,"comment_status":"closed","ping_status":"closed","template":"","meta":[],"yoast_head":"<!-- This site is optimized with the Yoast SEO plugin v18.2 - https:\/\/yoast.com\/wordpress\/plugins\/seo\/ -->\n<title>Arralbe - Arralbe Tooling.<\/title>\n<meta name=\"robots\" content=\"index, follow, max-snippet:-1, max-image-preview:large, max-video-preview:-1\" \/>\n<link rel=\"canonical\" href=\"https:\/\/arralbe.com\/en\/arralbe\/\" \/>\n<meta property=\"og:locale\" content=\"en_US\" \/>\n<meta property=\"og:type\" content=\"article\" \/>\n<meta property=\"og:title\" content=\"Arralbe - Arralbe Tooling.\" \/>\n<meta property=\"og:url\" content=\"https:\/\/arralbe.com\/en\/arralbe\/\" \/>\n<meta property=\"og:site_name\" content=\"Arralbe Tooling.\" \/>\n<meta name=\"twitter:card\" content=\"summary\" \/>\n<meta name=\"twitter:label1\" content=\"Est. reading time\" \/>\n\t<meta name=\"twitter:data1\" content=\"5 minutes\" \/>\n<script type=\"application\/ld+json\" class=\"yoast-schema-graph\">{\"@context\":\"https:\/\/schema.org\",\"@graph\":[{\"@type\":\"WebSite\",\"@id\":\"https:\/\/arralbe.com\/en\/#website\",\"url\":\"https:\/\/arralbe.com\/en\/\",\"name\":\"Arralbe Tooling.\",\"description\":\"Herramientas de corte - fresas\",\"potentialAction\":[{\"@type\":\"SearchAction\",\"target\":{\"@type\":\"EntryPoint\",\"urlTemplate\":\"https:\/\/arralbe.com\/en\/?s={search_term_string}\"},\"query-input\":\"required name=search_term_string\"}],\"inLanguage\":\"en-US\"},{\"@type\":\"WebPage\",\"@id\":\"https:\/\/arralbe.com\/en\/arralbe\/#webpage\",\"url\":\"https:\/\/arralbe.com\/en\/arralbe\/\",\"name\":\"Arralbe - Arralbe Tooling.\",\"isPartOf\":{\"@id\":\"https:\/\/arralbe.com\/en\/#website\"},\"datePublished\":\"2020-02-14T13:26:04+00:00\",\"dateModified\":\"2020-02-14T13:26:04+00:00\",\"breadcrumb\":{\"@id\":\"https:\/\/arralbe.com\/en\/arralbe\/#breadcrumb\"},\"inLanguage\":\"en-US\",\"potentialAction\":[{\"@type\":\"ReadAction\",\"target\":[\"https:\/\/arralbe.com\/en\/arralbe\/\"]}]},{\"@type\":\"BreadcrumbList\",\"@id\":\"https:\/\/arralbe.com\/en\/arralbe\/#breadcrumb\",\"itemListElement\":[{\"@type\":\"ListItem\",\"position\":1,\"name\":\"Portada\",\"item\":\"https:\/\/arralbe.com\/en\/\"},{\"@type\":\"ListItem\",\"position\":2,\"name\":\"Arralbe\"}]}]}<\/script>\n<!-- \/ Yoast SEO plugin. -->","yoast_head_json":{"title":"Arralbe - Arralbe Tooling.","robots":{"index":"index","follow":"follow","max-snippet":"max-snippet:-1","max-image-preview":"max-image-preview:large","max-video-preview":"max-video-preview:-1"},"canonical":"https:\/\/arralbe.com\/en\/arralbe\/","og_locale":"en_US","og_type":"article","og_title":"Arralbe - Arralbe Tooling.","og_url":"https:\/\/arralbe.com\/en\/arralbe\/","og_site_name":"Arralbe Tooling.","twitter_card":"summary","twitter_misc":{"Est. reading time":"5 minutes"},"schema":{"@context":"https:\/\/schema.org","@graph":[{"@type":"WebSite","@id":"https:\/\/arralbe.com\/en\/#website","url":"https:\/\/arralbe.com\/en\/","name":"Arralbe Tooling.","description":"Herramientas de corte - fresas","potentialAction":[{"@type":"SearchAction","target":{"@type":"EntryPoint","urlTemplate":"https:\/\/arralbe.com\/en\/?s={search_term_string}"},"query-input":"required name=search_term_string"}],"inLanguage":"en-US"},{"@type":"WebPage","@id":"https:\/\/arralbe.com\/en\/arralbe\/#webpage","url":"https:\/\/arralbe.com\/en\/arralbe\/","name":"Arralbe - Arralbe Tooling.","isPartOf":{"@id":"https:\/\/arralbe.com\/en\/#website"},"datePublished":"2020-02-14T13:26:04+00:00","dateModified":"2020-02-14T13:26:04+00:00","breadcrumb":{"@id":"https:\/\/arralbe.com\/en\/arralbe\/#breadcrumb"},"inLanguage":"en-US","potentialAction":[{"@type":"ReadAction","target":["https:\/\/arralbe.com\/en\/arralbe\/"]}]},{"@type":"BreadcrumbList","@id":"https:\/\/arralbe.com\/en\/arralbe\/#breadcrumb","itemListElement":[{"@type":"ListItem","position":1,"name":"Portada","item":"https:\/\/arralbe.com\/en\/"},{"@type":"ListItem","position":2,"name":"Arralbe"}]}]}},"_links":{"self":[{"href":"https:\/\/arralbe.com\/en\/wp-json\/wp\/v2\/pages\/1283"}],"collection":[{"href":"https:\/\/arralbe.com\/en\/wp-json\/wp\/v2\/pages"}],"about":[{"href":"https:\/\/arralbe.com\/en\/wp-json\/wp\/v2\/types\/page"}],"author":[{"embeddable":true,"href":"https:\/\/arralbe.com\/en\/wp-json\/wp\/v2\/users\/1"}],"replies":[{"embeddable":true,"href":"https:\/\/arralbe.com\/en\/wp-json\/wp\/v2\/comments?post=1283"}],"version-history":[{"count":3,"href":"https:\/\/arralbe.com\/en\/wp-json\/wp\/v2\/pages\/1283\/revisions"}],"predecessor-version":[{"id":1286,"href":"https:\/\/arralbe.com\/en\/wp-json\/wp\/v2\/pages\/1283\/revisions\/1286"}],"wp:attachment":[{"href":"https:\/\/arralbe.com\/en\/wp-json\/wp\/v2\/media?parent=1283"}],"curies":[{"name":"wp","href":"https:\/\/api.w.org\/{rel}","templated":true}]}}