{"id":1289,"date":"2020-02-14T14:27:21","date_gmt":"2020-02-14T13:27:21","guid":{"rendered":"http:\/\/arralbe.com\/?page_id=1289"},"modified":"2020-02-14T14:27:21","modified_gmt":"2020-02-14T13:27:21","slug":"english-calidad","status":"publish","type":"page","link":"https:\/\/arralbe.com\/en\/english-calidad\/","title":{"rendered":"English &#8211; Calidad"},"content":{"rendered":"<\/div><\/div><\/div><!-- close content main div --><\/div><\/div><div id='av_section_1' class='avia-section main_color avia-section-large avia-no-border-styling avia-bg-style-scroll   container_wrap sidebar_right'   ><div class='container' ><div class='template-page content  av-content-small alpha units'><div class='post-entry post-entry-type-page post-entry-1289'><div class='entry-content-wrapper clearfix'>\n<div style='padding-bottom:30px;font-size:70px;' class='av-special-heading av-special-heading-h1  blockquote modern-quote  av-inherit-size '><h1 class='av-special-heading-tag '  itemprop=\"headline\"  >English &#8211; Calidad<\/h1><div class='special-heading-border'><div class='special-heading-inner-border' ><\/div><\/div><\/div>\n<div style=' margin-top:0; margin-bottom:30px;'  class='hr hr-custom hr-left hr-icon-no  '><span class='hr-inner   inner-border-av-border-fat' style=' width:50px; border-color:#a81010;' ><span class='hr-inner-style'><\/span><\/span><\/div>\n<\/div><\/div><\/div><!-- close content main div --><\/div><\/div><div id='after_section_1' class='main_color av_default_container_wrap container_wrap sidebar_right'   ><div class='container' ><div class='template-page content  av-content-small alpha units'><div class='post-entry post-entry-type-page post-entry-1289'><div class='entry-content-wrapper clearfix'><\/div><\/div><\/div><!-- close content main div --><\/div><\/div><div id='av-layout-grid-1' class='av-layout-grid-container entry-content-wrapper alternate_color av-flex-cells    container_wrap sidebar_right'   >\n<div class=\"flex_cell no_margin av_one_half   avia-full-stretch av-zero-padding \" style='background-image:url(https:\/\/arralbe.com\/wp-content\/uploads\/2019\/10\/Zoller.jpg); background-position:center left; background-repeat:no-repeat; background-attachment:scroll; vertical-align:middle; padding:0px; '><div class='flex_cell_inner' ><\/div><\/div><div class=\"flex_cell no_margin av_one_half   \" style='vertical-align:middle; padding:100px; background-color:#f2f2f2; '><div class='flex_cell_inner' ><p><div style='padding-bottom:20px;font-size:50px;' class='av-special-heading av-special-heading-h2  blockquote modern-quote   av-inherit-size '><h2 class='av-special-heading-tag '  itemprop=\"headline\"  >Zoller Genius 3S<\/h2><div class='special-heading-border'><div class='special-heading-inner-border' ><\/div><\/div><\/div><br \/>\n<section class=\"av_textblock_section \"  itemscope=\"itemscope\" itemtype=\"https:\/\/schema.org\/CreativeWork\" ><div class='avia_textblock  '   itemprop=\"text\" ><p class=\"p1\">Con esta maquina de medici\u00f3n de 5 ejes garantizamos una uniformidad<span class=\"Apple-converted-space\">\u00a0 <\/span>en nuestra fabricaci\u00f3n<span class=\"Apple-converted-space\">\u00a0 <\/span>porque podemos controlar los diferentes par\u00e1metros de la geometr\u00eda de la herramienta.<\/p>\n<\/div><\/section><\/p>\n<\/div><\/div>\n<\/div><\/p>\n<\/div><\/div><\/div><!-- close content main div --><\/div><\/div><div id='av-layout-grid-2' class='av-layout-grid-container entry-content-wrapper alternate_color av-flex-cells    container_wrap sidebar_right'   >\n<div class=\"flex_cell no_margin av_one_half   avia-full-stretch \" style='vertical-align:middle; padding:100px; background-color:#f2f2f2; '><div class='flex_cell_inner' ><p><div style='padding-bottom:20px;font-size:50px;' class='av-special-heading av-special-heading-h2  blockquote modern-quote   av-inherit-size '><h2 class='av-special-heading-tag '  itemprop=\"headline\"  >Helicheck Pro con robot Fanuc<\/h2><div class='special-heading-border'><div class='special-heading-inner-border' ><\/div><\/div><\/div><br \/>\n<section class=\"av_textblock_section \"  itemscope=\"itemscope\" itemtype=\"https:\/\/schema.org\/CreativeWork\" ><div class='avia_textblock  '   itemprop=\"text\" ><p class=\"p1\">Esta maquina de ultima generaci\u00f3n nos permite hacer la medici\u00f3n en serie del 100% de las herramientas que producimos debido a la automatizaci\u00f3n de la misma.<\/p>\n<\/div><\/section><\/p>\n<\/div><\/div><div class=\"flex_cell no_margin av_one_half   avia-full-stretch \" style='background-image:url(https:\/\/arralbe.com\/wp-content\/uploads\/2019\/10\/Heli-Check-Pro.jpg); background-position:center right; background-repeat:no-repeat; background-attachment:scroll; vertical-align:middle; padding:100px; '><div class='flex_cell_inner' ><\/div><\/div>\n<\/div>\n<\/div><\/div><\/div><!-- close content main div --><\/div><\/div><div id='av-layout-grid-3' class='av-layout-grid-container entry-content-wrapper alternate_color av-flex-cells    container_wrap sidebar_right'   >\n<div class=\"flex_cell no_margin av_one_half   avia-full-stretch av-zero-padding \" style='background-image:url(https:\/\/arralbe.com\/wp-content\/uploads\/2019\/10\/Micrometro-1500x630.jpg); background-position:center left; background-repeat:no-repeat; background-attachment:scroll; vertical-align:middle; padding:0px; '><div class='flex_cell_inner' ><\/div><\/div><div class=\"flex_cell no_margin av_one_half   \" style='vertical-align:middle; padding:100px; background-color:#f2f2f2; '><div class='flex_cell_inner' ><div style='padding-bottom:20px;font-size:50px;' class='av-special-heading av-special-heading-h2  blockquote modern-quote   av-inherit-size '><h2 class='av-special-heading-tag '  itemprop=\"headline\"  >Micrometro<\/h2><div class='special-heading-border'><div class='special-heading-inner-border' ><\/div><\/div><\/div>\n<\/div><\/div>\n<\/div>\n\n<\/div><\/div><\/div><!-- close content main div --><\/div><\/div><div id='av_section_2' class='avia-section main_color avia-section-default avia-no-shadow avia-bg-style-scroll   container_wrap sidebar_right' style = 'background-color: #e63244; '  ><div class='container' ><div class='template-page content  av-content-small alpha units'><div class='post-entry post-entry-type-page post-entry-1289'><div class='entry-content-wrapper clearfix'><\/div><\/div><\/div><!-- close content main div --><\/div><\/div><div id='after_section_2' class='main_color av_default_container_wrap container_wrap sidebar_right'   ><div class='container' ><div class='template-page content  av-content-small alpha units'><div class='post-entry post-entry-type-page post-entry-1289'><div class='entry-content-wrapper clearfix'>\n","protected":false},"excerpt":{"rendered":"","protected":false},"author":1,"featured_media":0,"parent":0,"menu_order":0,"comment_status":"closed","ping_status":"closed","template":"","meta":[],"yoast_head":"<!-- This site is optimized with the Yoast SEO plugin v18.2 - https:\/\/yoast.com\/wordpress\/plugins\/seo\/ -->\n<title>English - Calidad - Arralbe Tooling.<\/title>\n<meta name=\"robots\" content=\"index, follow, max-snippet:-1, max-image-preview:large, max-video-preview:-1\" \/>\n<link rel=\"canonical\" href=\"https:\/\/arralbe.com\/en\/english-calidad\/\" \/>\n<meta property=\"og:locale\" content=\"en_US\" \/>\n<meta property=\"og:type\" content=\"article\" \/>\n<meta property=\"og:title\" content=\"English - Calidad - Arralbe Tooling.\" \/>\n<meta property=\"og:url\" content=\"https:\/\/arralbe.com\/en\/english-calidad\/\" \/>\n<meta property=\"og:site_name\" content=\"Arralbe Tooling.\" \/>\n<meta name=\"twitter:card\" content=\"summary\" \/>\n<meta name=\"twitter:label1\" content=\"Est. reading time\" \/>\n\t<meta name=\"twitter:data1\" content=\"5 minutes\" \/>\n<script type=\"application\/ld+json\" class=\"yoast-schema-graph\">{\"@context\":\"https:\/\/schema.org\",\"@graph\":[{\"@type\":\"WebSite\",\"@id\":\"https:\/\/arralbe.com\/en\/#website\",\"url\":\"https:\/\/arralbe.com\/en\/\",\"name\":\"Arralbe Tooling.\",\"description\":\"Herramientas de corte - fresas\",\"potentialAction\":[{\"@type\":\"SearchAction\",\"target\":{\"@type\":\"EntryPoint\",\"urlTemplate\":\"https:\/\/arralbe.com\/en\/?s={search_term_string}\"},\"query-input\":\"required name=search_term_string\"}],\"inLanguage\":\"en-US\"},{\"@type\":\"WebPage\",\"@id\":\"https:\/\/arralbe.com\/en\/english-calidad\/#webpage\",\"url\":\"https:\/\/arralbe.com\/en\/english-calidad\/\",\"name\":\"English - Calidad - Arralbe Tooling.\",\"isPartOf\":{\"@id\":\"https:\/\/arralbe.com\/en\/#website\"},\"datePublished\":\"2020-02-14T13:27:21+00:00\",\"dateModified\":\"2020-02-14T13:27:21+00:00\",\"breadcrumb\":{\"@id\":\"https:\/\/arralbe.com\/en\/english-calidad\/#breadcrumb\"},\"inLanguage\":\"en-US\",\"potentialAction\":[{\"@type\":\"ReadAction\",\"target\":[\"https:\/\/arralbe.com\/en\/english-calidad\/\"]}]},{\"@type\":\"BreadcrumbList\",\"@id\":\"https:\/\/arralbe.com\/en\/english-calidad\/#breadcrumb\",\"itemListElement\":[{\"@type\":\"ListItem\",\"position\":1,\"name\":\"Portada\",\"item\":\"https:\/\/arralbe.com\/en\/\"},{\"@type\":\"ListItem\",\"position\":2,\"name\":\"English &#8211; Calidad\"}]}]}<\/script>\n<!-- \/ Yoast SEO plugin. -->","yoast_head_json":{"title":"English - Calidad - Arralbe Tooling.","robots":{"index":"index","follow":"follow","max-snippet":"max-snippet:-1","max-image-preview":"max-image-preview:large","max-video-preview":"max-video-preview:-1"},"canonical":"https:\/\/arralbe.com\/en\/english-calidad\/","og_locale":"en_US","og_type":"article","og_title":"English - Calidad - Arralbe Tooling.","og_url":"https:\/\/arralbe.com\/en\/english-calidad\/","og_site_name":"Arralbe Tooling.","twitter_card":"summary","twitter_misc":{"Est. reading time":"5 minutes"},"schema":{"@context":"https:\/\/schema.org","@graph":[{"@type":"WebSite","@id":"https:\/\/arralbe.com\/en\/#website","url":"https:\/\/arralbe.com\/en\/","name":"Arralbe Tooling.","description":"Herramientas de corte - fresas","potentialAction":[{"@type":"SearchAction","target":{"@type":"EntryPoint","urlTemplate":"https:\/\/arralbe.com\/en\/?s={search_term_string}"},"query-input":"required name=search_term_string"}],"inLanguage":"en-US"},{"@type":"WebPage","@id":"https:\/\/arralbe.com\/en\/english-calidad\/#webpage","url":"https:\/\/arralbe.com\/en\/english-calidad\/","name":"English - Calidad - Arralbe Tooling.","isPartOf":{"@id":"https:\/\/arralbe.com\/en\/#website"},"datePublished":"2020-02-14T13:27:21+00:00","dateModified":"2020-02-14T13:27:21+00:00","breadcrumb":{"@id":"https:\/\/arralbe.com\/en\/english-calidad\/#breadcrumb"},"inLanguage":"en-US","potentialAction":[{"@type":"ReadAction","target":["https:\/\/arralbe.com\/en\/english-calidad\/"]}]},{"@type":"BreadcrumbList","@id":"https:\/\/arralbe.com\/en\/english-calidad\/#breadcrumb","itemListElement":[{"@type":"ListItem","position":1,"name":"Portada","item":"https:\/\/arralbe.com\/en\/"},{"@type":"ListItem","position":2,"name":"English &#8211; Calidad"}]}]}},"_links":{"self":[{"href":"https:\/\/arralbe.com\/en\/wp-json\/wp\/v2\/pages\/1289"}],"collection":[{"href":"https:\/\/arralbe.com\/en\/wp-json\/wp\/v2\/pages"}],"about":[{"href":"https:\/\/arralbe.com\/en\/wp-json\/wp\/v2\/types\/page"}],"author":[{"embeddable":true,"href":"https:\/\/arralbe.com\/en\/wp-json\/wp\/v2\/users\/1"}],"replies":[{"embeddable":true,"href":"https:\/\/arralbe.com\/en\/wp-json\/wp\/v2\/comments?post=1289"}],"version-history":[{"count":3,"href":"https:\/\/arralbe.com\/en\/wp-json\/wp\/v2\/pages\/1289\/revisions"}],"predecessor-version":[{"id":1292,"href":"https:\/\/arralbe.com\/en\/wp-json\/wp\/v2\/pages\/1289\/revisions\/1292"}],"wp:attachment":[{"href":"https:\/\/arralbe.com\/en\/wp-json\/wp\/v2\/media?parent=1289"}],"curies":[{"name":"wp","href":"https:\/\/api.w.org\/{rel}","templated":true}]}}