{"id":1293,"date":"2020-02-14T14:28:48","date_gmt":"2020-02-14T13:28:48","guid":{"rendered":"http:\/\/arralbe.com\/?page_id=1293"},"modified":"2020-02-14T14:28:48","modified_gmt":"2020-02-14T13:28:48","slug":"english-produccion","status":"publish","type":"page","link":"https:\/\/arralbe.com\/en\/english-produccion\/","title":{"rendered":"English &#8211; Producci\u00f3n"},"content":{"rendered":"<\/div><\/div><\/div><!-- close content main div --><\/div><\/div><div id='av_section_1' class='avia-section main_color avia-section-large avia-no-border-styling avia-bg-style-scroll   container_wrap sidebar_right'   ><div class='container' ><div class='template-page content  av-content-small alpha units'><div class='post-entry post-entry-type-page post-entry-1293'><div class='entry-content-wrapper clearfix'>\n<div style='padding-bottom:30px;font-size:70px;' class='av-special-heading av-special-heading-h1  blockquote modern-quote  av-inherit-size '><h1 class='av-special-heading-tag '  itemprop=\"headline\"  >English &#8211; Producci\u00f3n<\/h1><div class='special-heading-border'><div class='special-heading-inner-border' ><\/div><\/div><\/div>\n<div style=' margin-top:0; margin-bottom:30px;'  class='hr hr-custom hr-left hr-icon-no  '><span class='hr-inner   inner-border-av-border-fat' style=' width:50px; border-color:#a81010;' ><span class='hr-inner-style'><\/span><\/span><\/div>\n<section class=\"av_textblock_section \"  itemscope=\"itemscope\" itemtype=\"https:\/\/schema.org\/CreativeWork\" ><div class='avia_textblock  '   itemprop=\"text\" ><p class=\"p1\">Nuestra empresa dispone de los medios productivos mas \u00f3ptimos para cada tipo de herramienta que se fabrica. Nuestra pol\u00edtica de empresa prioriza la modernizaci\u00f3n y la actualizaci\u00f3n tanto de software como de maquinaria para obtener herramientas de mayor calidad.<\/p>\n<p class=\"p1\">Desde que naci\u00f3 Arralbe Tooling hemos invertido en renovar y optimizar nuestra capacidad productiva. Hemos ido en paralelo con las tendencias del mercado en cuanto automatizaci\u00f3n mediante los robot Fanuc por ejemplo, de hecho nuestra maquina mas antigua solo tiene 6 a\u00f1os.<\/p>\n<\/div><\/section>\n<\/div><\/div><\/div><!-- close content main div --><\/div><\/div><div id='after_section_1' class='main_color av_default_container_wrap container_wrap sidebar_right'   ><div class='container' ><div class='template-page content  av-content-small alpha units'><div class='post-entry post-entry-type-page post-entry-1293'><div class='entry-content-wrapper clearfix'><\/div><\/div><\/div><!-- close content main div --><\/div><\/div><div id='av-layout-grid-1' class='av-layout-grid-container entry-content-wrapper alternate_color av-flex-cells    container_wrap sidebar_right'   >\n<div class=\"flex_cell no_margin av_one_half   avia-full-stretch av-zero-padding \" style='background-image:url(https:\/\/arralbe.com\/wp-content\/uploads\/2019\/10\/Herramientas-para-Moldes-y-matrices-1500x1001.jpg); background-position:center left; background-repeat:no-repeat; background-attachment:scroll; vertical-align:middle; padding:0px; '><div class='flex_cell_inner' ><\/div><\/div><div class=\"flex_cell no_margin av_one_half   \" style='vertical-align:middle; padding:100px; background-color:#f2f2f2; '><div class='flex_cell_inner' ><p><div style='padding-bottom:20px;font-size:50px;' class='av-special-heading av-special-heading-h2  blockquote modern-quote   av-inherit-size '><h2 class='av-special-heading-tag '  itemprop=\"headline\"  >Herramienta para moldes y matrices<\/h2><div class='special-heading-border'><div class='special-heading-inner-border' ><\/div><\/div><\/div><br \/>\n<section class=\"av_textblock_section \"  itemscope=\"itemscope\" itemtype=\"https:\/\/schema.org\/CreativeWork\" ><div class='avia_textblock  '   itemprop=\"text\" ><p class=\"p1\">Fabricamos en serie<span class=\"Apple-converted-space\">\u00a0 <\/span>herramientas con geometr\u00edas espec\u00edficas para el mecanizado \u00f3ptimo de moldes y matrices. Para ello tenemos una amplia gama de productos como son herramientas esf\u00e9ricas, t\u00f3ricas, as\u00ed como otras gamas con geometr\u00edas mas complejas como son helices variables e indexados irregulares, por lo que cliente puede disponer de la herramienta perfecta para cada aplicaci\u00f3n.<\/p>\n<\/div><\/section><\/p>\n<\/div><\/div>\n<\/div><\/p>\n<\/div><\/div><\/div><!-- close content main div --><\/div><\/div><div id='av-layout-grid-2' class='av-layout-grid-container entry-content-wrapper alternate_color av-flex-cells    container_wrap sidebar_right'   >\n<div class=\"flex_cell no_margin av_one_half   avia-full-stretch \" style='vertical-align:middle; padding:100px; background-color:#f2f2f2; '><div class='flex_cell_inner' ><p><div style='padding-bottom:20px;font-size:50px;' class='av-special-heading av-special-heading-h2  blockquote modern-quote   av-inherit-size '><h2 class='av-special-heading-tag '  itemprop=\"headline\"  >Herramienta peque\u00f1a de alta calidad<\/h2><div class='special-heading-border'><div class='special-heading-inner-border' ><\/div><\/div><\/div><br \/>\n<section class=\"av_textblock_section \"  itemscope=\"itemscope\" itemtype=\"https:\/\/schema.org\/CreativeWork\" ><div class='avia_textblock  '   itemprop=\"text\" ><p class=\"p1\">La fabricaci\u00f3n de los di\u00e1metros mas peque\u00f1os esta destinada a las Walter Micro. Estas maquinas est\u00e1n dotadas de 6 ejes para garantizar la maxima calidad y precisi\u00f3n sobre todo en las geometr\u00edas esf\u00e9ricas y t\u00f3ricas. Ademas estas maquinas son capaces de proporcionar unos acabados excepcionales y conseguir unas tolerancias y una repetibilidad obligatoria para la herramienta de menor di\u00e1metro sin sacrificar la calidad final del producto.<\/p>\n<\/div><\/section><\/p>\n<\/div><\/div><div class=\"flex_cell no_margin av_one_half   av-zero-padding \" style='background-image:url(https:\/\/arralbe.com\/wp-content\/uploads\/2019\/10\/Herramienta-peque\u00f1a-de-alta-calidad-1030x640.jpg); background-position:top right; background-repeat:no-repeat; background-attachment:scroll; vertical-align:middle; padding:0px; '><div class='flex_cell_inner' ><\/div><\/div>\n<\/div>\n<\/div><\/div><\/div><!-- close content main div --><\/div><\/div><div id='av-layout-grid-3' class='av-layout-grid-container entry-content-wrapper alternate_color av-flex-cells    container_wrap sidebar_right'   >\n<div class=\"flex_cell no_margin av_one_half   avia-full-stretch av-zero-padding \" style='background-image:url(https:\/\/arralbe.com\/wp-content\/uploads\/2019\/10\/Herramientas-de-mayor-diametro-1500x932.jpg); background-position:center left; background-repeat:no-repeat; background-attachment:scroll; vertical-align:middle; padding:0px; '><div class='flex_cell_inner' ><\/div><\/div><div class=\"flex_cell no_margin av_one_half   \" style='vertical-align:middle; padding:100px; background-color:#f2f2f2; '><div class='flex_cell_inner' ><p><div style='padding-bottom:20px;font-size:50px;' class='av-special-heading av-special-heading-h2  blockquote modern-quote   av-inherit-size '><h2 class='av-special-heading-tag '  itemprop=\"headline\"  >Herramientas de mayor diametro<\/h2><div class='special-heading-border'><div class='special-heading-inner-border' ><\/div><\/div><\/div><br \/>\n<section class=\"av_textblock_section \"  itemscope=\"itemscope\" itemtype=\"https:\/\/schema.org\/CreativeWork\" ><div class='avia_textblock  '   itemprop=\"text\" ><p class=\"p1\">Esta gama de herramientas de mayor tama\u00f1o se fabrican en nuestra Helitronic Vision, una maquina con mayor potencia y motores lineales que garantizan una calidad y una precision superiores y unos acabados espectaculares.<\/p>\n<\/div><\/section><\/p>\n<\/div><\/div>\n<\/div>\n<\/div><\/div><\/div><!-- close content main div --><\/div><\/div><div id='av-layout-grid-4' class='av-layout-grid-container entry-content-wrapper alternate_color av-flex-cells    container_wrap sidebar_right'   >\n<div class=\"flex_cell no_margin av_one_half   avia-full-stretch \" style='vertical-align:middle; padding:100px; background-color:#f2f2f2; '><div class='flex_cell_inner' ><p><div style='padding-bottom:20px;font-size:50px;' class='av-special-heading av-special-heading-h2  blockquote modern-quote   av-inherit-size '><h2 class='av-special-heading-tag '  itemprop=\"headline\"  >Rectificado de alta precision<\/h2><div class='special-heading-border'><div class='special-heading-inner-border' ><\/div><\/div><\/div><br \/>\n<section class=\"av_textblock_section \"  itemscope=\"itemscope\" itemtype=\"https:\/\/schema.org\/CreativeWork\" ><div class='avia_textblock  '   itemprop=\"text\" ><p class=\"p1\">Gracias a la Rollomatic NP3 podemos garantizar un producto final con una concentricidad optima, lo cual ofrece un mejor rendimiento en la herramienta. Por su forma de trabajar podemos producir conos y cuellos de gran longitud sin perder calidad ni precision. Esta maquina ofrece una gran repetibilidad y unas tolerancias muy precisas, as\u00ed como la posibilidad de utilizar la estaci\u00f3n de acabado con lo que conseguimos calidades elevadas en la fabricaci\u00f3n de brocas y escariadores.<\/p>\n<\/div><\/section><\/p>\n<\/div><\/div><div class=\"flex_cell no_margin av_one_half   avia-full-stretch av-zero-padding \" style='background-image:url(https:\/\/arralbe.com\/wp-content\/uploads\/2019\/10\/Rectificado-de-alta-precision_-Rollomatic-1500x1013.jpg); background-position:center center; background-repeat:no-repeat; background-attachment:scroll; vertical-align:middle; padding:0px; '><div class='flex_cell_inner' ><\/div><\/div>\n<\/div>\n<\/div><\/div><\/div><!-- close content main div --><\/div><\/div><div id='av_section_2' class='avia-section main_color avia-section-default avia-no-shadow avia-bg-style-scroll   container_wrap sidebar_right' style = 'background-color: #e63244; '  ><div class='container' ><div class='template-page content  av-content-small alpha units'><div class='post-entry post-entry-type-page post-entry-1293'><div class='entry-content-wrapper clearfix'><\/div><\/div><\/div><!-- close content main div --><\/div><\/div><div id='after_section_2' class='main_color av_default_container_wrap container_wrap sidebar_right'   ><div class='container' ><div class='template-page content  av-content-small alpha units'><div class='post-entry post-entry-type-page post-entry-1293'><div class='entry-content-wrapper clearfix'>\n","protected":false},"excerpt":{"rendered":"","protected":false},"author":1,"featured_media":0,"parent":0,"menu_order":0,"comment_status":"closed","ping_status":"closed","template":"","meta":[],"yoast_head":"<!-- This site is optimized with the Yoast SEO plugin v18.2 - https:\/\/yoast.com\/wordpress\/plugins\/seo\/ -->\n<title>English - Producci\u00f3n - Arralbe Tooling.<\/title>\n<meta name=\"robots\" content=\"index, follow, max-snippet:-1, max-image-preview:large, max-video-preview:-1\" \/>\n<link rel=\"canonical\" href=\"https:\/\/arralbe.com\/en\/english-produccion\/\" \/>\n<meta property=\"og:locale\" content=\"en_US\" \/>\n<meta property=\"og:type\" content=\"article\" \/>\n<meta property=\"og:title\" content=\"English - Producci\u00f3n - Arralbe Tooling.\" \/>\n<meta property=\"og:url\" content=\"https:\/\/arralbe.com\/en\/english-produccion\/\" \/>\n<meta property=\"og:site_name\" content=\"Arralbe Tooling.\" \/>\n<meta name=\"twitter:card\" content=\"summary\" \/>\n<meta name=\"twitter:label1\" content=\"Est. reading time\" \/>\n\t<meta name=\"twitter:data1\" content=\"7 minutes\" \/>\n<script type=\"application\/ld+json\" class=\"yoast-schema-graph\">{\"@context\":\"https:\/\/schema.org\",\"@graph\":[{\"@type\":\"WebSite\",\"@id\":\"https:\/\/arralbe.com\/en\/#website\",\"url\":\"https:\/\/arralbe.com\/en\/\",\"name\":\"Arralbe Tooling.\",\"description\":\"Herramientas de corte - fresas\",\"potentialAction\":[{\"@type\":\"SearchAction\",\"target\":{\"@type\":\"EntryPoint\",\"urlTemplate\":\"https:\/\/arralbe.com\/en\/?s={search_term_string}\"},\"query-input\":\"required name=search_term_string\"}],\"inLanguage\":\"en-US\"},{\"@type\":\"WebPage\",\"@id\":\"https:\/\/arralbe.com\/en\/english-produccion\/#webpage\",\"url\":\"https:\/\/arralbe.com\/en\/english-produccion\/\",\"name\":\"English - Producci\u00f3n - Arralbe Tooling.\",\"isPartOf\":{\"@id\":\"https:\/\/arralbe.com\/en\/#website\"},\"datePublished\":\"2020-02-14T13:28:48+00:00\",\"dateModified\":\"2020-02-14T13:28:48+00:00\",\"breadcrumb\":{\"@id\":\"https:\/\/arralbe.com\/en\/english-produccion\/#breadcrumb\"},\"inLanguage\":\"en-US\",\"potentialAction\":[{\"@type\":\"ReadAction\",\"target\":[\"https:\/\/arralbe.com\/en\/english-produccion\/\"]}]},{\"@type\":\"BreadcrumbList\",\"@id\":\"https:\/\/arralbe.com\/en\/english-produccion\/#breadcrumb\",\"itemListElement\":[{\"@type\":\"ListItem\",\"position\":1,\"name\":\"Portada\",\"item\":\"https:\/\/arralbe.com\/en\/\"},{\"@type\":\"ListItem\",\"position\":2,\"name\":\"English &#8211; Producci\u00f3n\"}]}]}<\/script>\n<!-- \/ Yoast SEO plugin. -->","yoast_head_json":{"title":"English - Producci\u00f3n - Arralbe Tooling.","robots":{"index":"index","follow":"follow","max-snippet":"max-snippet:-1","max-image-preview":"max-image-preview:large","max-video-preview":"max-video-preview:-1"},"canonical":"https:\/\/arralbe.com\/en\/english-produccion\/","og_locale":"en_US","og_type":"article","og_title":"English - Producci\u00f3n - Arralbe Tooling.","og_url":"https:\/\/arralbe.com\/en\/english-produccion\/","og_site_name":"Arralbe Tooling.","twitter_card":"summary","twitter_misc":{"Est. reading time":"7 minutes"},"schema":{"@context":"https:\/\/schema.org","@graph":[{"@type":"WebSite","@id":"https:\/\/arralbe.com\/en\/#website","url":"https:\/\/arralbe.com\/en\/","name":"Arralbe Tooling.","description":"Herramientas de corte - fresas","potentialAction":[{"@type":"SearchAction","target":{"@type":"EntryPoint","urlTemplate":"https:\/\/arralbe.com\/en\/?s={search_term_string}"},"query-input":"required name=search_term_string"}],"inLanguage":"en-US"},{"@type":"WebPage","@id":"https:\/\/arralbe.com\/en\/english-produccion\/#webpage","url":"https:\/\/arralbe.com\/en\/english-produccion\/","name":"English - Producci\u00f3n - Arralbe Tooling.","isPartOf":{"@id":"https:\/\/arralbe.com\/en\/#website"},"datePublished":"2020-02-14T13:28:48+00:00","dateModified":"2020-02-14T13:28:48+00:00","breadcrumb":{"@id":"https:\/\/arralbe.com\/en\/english-produccion\/#breadcrumb"},"inLanguage":"en-US","potentialAction":[{"@type":"ReadAction","target":["https:\/\/arralbe.com\/en\/english-produccion\/"]}]},{"@type":"BreadcrumbList","@id":"https:\/\/arralbe.com\/en\/english-produccion\/#breadcrumb","itemListElement":[{"@type":"ListItem","position":1,"name":"Portada","item":"https:\/\/arralbe.com\/en\/"},{"@type":"ListItem","position":2,"name":"English &#8211; Producci\u00f3n"}]}]}},"_links":{"self":[{"href":"https:\/\/arralbe.com\/en\/wp-json\/wp\/v2\/pages\/1293"}],"collection":[{"href":"https:\/\/arralbe.com\/en\/wp-json\/wp\/v2\/pages"}],"about":[{"href":"https:\/\/arralbe.com\/en\/wp-json\/wp\/v2\/types\/page"}],"author":[{"embeddable":true,"href":"https:\/\/arralbe.com\/en\/wp-json\/wp\/v2\/users\/1"}],"replies":[{"embeddable":true,"href":"https:\/\/arralbe.com\/en\/wp-json\/wp\/v2\/comments?post=1293"}],"version-history":[{"count":3,"href":"https:\/\/arralbe.com\/en\/wp-json\/wp\/v2\/pages\/1293\/revisions"}],"predecessor-version":[{"id":1299,"href":"https:\/\/arralbe.com\/en\/wp-json\/wp\/v2\/pages\/1293\/revisions\/1299"}],"wp:attachment":[{"href":"https:\/\/arralbe.com\/en\/wp-json\/wp\/v2\/media?parent=1293"}],"curies":[{"name":"wp","href":"https:\/\/api.w.org\/{rel}","templated":true}]}}