{"id":1300,"date":"2020-02-14T14:30:01","date_gmt":"2020-02-14T13:30:01","guid":{"rendered":"http:\/\/arralbe.com\/?page_id=1300"},"modified":"2024-03-20T13:50:44","modified_gmt":"2024-03-20T12:50:44","slug":"contact","status":"publish","type":"page","link":"https:\/\/arralbe.com\/en\/contact\/","title":{"rendered":"Contact"},"content":{"rendered":"<\/div><\/div><\/div><!-- close content main div --><\/div><\/div><div id='av_section_1' class='avia-section main_color avia-section-large avia-no-border-styling avia-bg-style-scroll   container_wrap sidebar_right'   ><div class='container' ><div class='template-page content  av-content-small alpha units'><div class='post-entry post-entry-type-page post-entry-1300'><div class='entry-content-wrapper clearfix'>\n<div style='padding-bottom:30px;font-size:70px;' class='av-special-heading av-special-heading-h1  blockquote modern-quote   av-inherit-size '><h1 class='av-special-heading-tag '  itemprop=\"headline\"  >Contact with us<\/h1><div class='special-heading-border'><div class='special-heading-inner-border' ><\/div><\/div><\/div>\n<div style=' margin-top:0; margin-bottom:30px;'  class='hr hr-custom hr-left hr-icon-no  '><span class='hr-inner   inner-border-av-border-fat' style=' width:50px; border-color:#a81010;' ><span class='hr-inner-style'><\/span><\/span><\/div>\n<div class=\"flex_column av_one_fourth  flex_column_div av-zero-column-padding first  \" style='border-radius:0px; '><section class=\"av_textblock_section \"  itemscope=\"itemscope\" itemtype=\"https:\/\/schema.org\/CreativeWork\" ><div class='avia_textblock  '   itemprop=\"text\" ><p><strong>Contact:<\/strong><\/p>\n<div class=\"textwidget\">\n<p class=\"p1\">Meatz Erreka 11 bajo<br \/>\n20500 ARRASATE-MONDRAG\u00d3N<br \/>\n(GUIP\u00daZCOA) ESPA\u00d1A<\/p>\n<ul>\n<li><strong>Tel:<\/strong> +34 943 79 10 22<\/li>\n<li><strong>Fax:<\/strong> +34 943 79 12 75<\/li>\n<\/ul>\n<\/div>\n<\/div><\/section><\/div><div class=\"flex_column av_one_fourth  flex_column_div av-zero-column-padding   \" style='border-radius:0px; '><section class=\"av_textblock_section \"  itemscope=\"itemscope\" itemtype=\"https:\/\/schema.org\/CreativeWork\" ><div class='avia_textblock  '   itemprop=\"text\" ><p><strong>Contact in France:<\/strong><\/p>\n<p>GROUPE AUSTONI<\/p>\n<ul>\n<li><strong>Agent Exclusif France:<\/strong> Austoni Christian<\/li>\n<li><strong>Tel:<\/strong> 06.03.96.56.14<\/li>\n<li><strong>mail:<\/strong> direction@groupeaustoni.fr<\/li>\n<\/ul>\n<div class=\"textwidget\"><\/div>\n<\/div><\/section><\/div><div class=\"flex_column av_one_fourth  flex_column_div av-zero-column-padding   \" style='border-radius:0px; '><section class=\"av_textblock_section \"  itemscope=\"itemscope\" itemtype=\"https:\/\/schema.org\/CreativeWork\" ><div class='avia_textblock  '   itemprop=\"text\" ><div class=\"textwidget\">\n<p><strong>E-mail:<\/strong><br \/>\nGeneral: <a href=\"mailto:info@arralbe.com\">info@arralbe.com<\/a><br \/>\nAdministraci\u00f3n: <a href=\"mailto:administracion@arralbe.com\">administracion@arralbe.com<\/a><br \/>\nProducci\u00f3n y calidad: <a href=\"mailto:produccion@arralbe.com\">produccion@arralbe.com<\/a><br \/>\nLog\u00edstica: <a href=\"mailto:almacen@arralbe.com\">taller@arralbe.com<\/a><\/p>\n<\/div>\n<\/div><\/section><\/div><div class=\"flex_column av_one_fourth  flex_column_div av-zero-column-padding   \" style='border-radius:0px; '><section class=\"av_textblock_section \"  itemscope=\"itemscope\" itemtype=\"https:\/\/schema.org\/CreativeWork\" ><div class='avia_textblock  '   itemprop=\"text\" ><p><strong>Horario de oficinas:<\/strong><br \/>\nL-V: 8:00-18:00<\/p>\n<\/div><\/section><\/div>\n<\/div><\/div><\/div><!-- close content main div --><\/div><\/div><div id='after_section_1' class='main_color av_default_container_wrap container_wrap sidebar_right'   ><div class='container' ><div class='template-page content  av-content-small alpha units'><div class='post-entry post-entry-type-page post-entry-1300'><div class='entry-content-wrapper clearfix'>\n<\/div><\/div><\/div><!-- close content main div --><\/div><\/div><div id='av_section_2' class='avia-section alternate_color avia-section-small avia-no-border-styling avia-full-stretch avia-bg-style-fixed   container_wrap sidebar_right' style = 'background-repeat: no-repeat; background-image: url(https:\/\/arralbe.com\/wp-content\/uploads\/2019\/06\/fondo-contacto-arralbe-1.jpg); background-attachment: fixed; background-position: center center; ' data-section-bg-repeat='stretch' ><div class='container' ><div class='template-page content  av-content-small alpha units'><div class='post-entry post-entry-type-page post-entry-1300'><div class='entry-content-wrapper clearfix'>\n<div class=\"flex_column av_one_half  flex_column_div av-zero-column-padding first  \" style='border-radius:0px; '><section class=\"av_textblock_section \"  itemscope=\"itemscope\" itemtype=\"https:\/\/schema.org\/CreativeWork\" ><div class='avia_textblock  '   itemprop=\"text\" ><div role=\"form\" class=\"wpcf7\" id=\"wpcf7-f877-o1\" lang=\"es-ES\" dir=\"ltr\">\n<div class=\"screen-reader-response\"><p role=\"status\" aria-live=\"polite\" aria-atomic=\"true\"><\/p> <ul><\/ul><\/div>\n<form action=\"\/en\/wp-json\/wp\/v2\/pages\/1300#wpcf7-f877-o1\" method=\"post\" class=\"wpcf7-form init\" novalidate=\"novalidate\" data-status=\"init\">\n<div style=\"display: none;\">\n<input type=\"hidden\" name=\"_wpcf7\" value=\"877\" \/>\n<input type=\"hidden\" name=\"_wpcf7_version\" value=\"5.5.6\" \/>\n<input type=\"hidden\" name=\"_wpcf7_locale\" value=\"es_ES\" \/>\n<input type=\"hidden\" name=\"_wpcf7_unit_tag\" value=\"wpcf7-f877-o1\" \/>\n<input type=\"hidden\" name=\"_wpcf7_container_post\" value=\"0\" \/>\n<input type=\"hidden\" name=\"_wpcf7_posted_data_hash\" value=\"\" \/>\n<\/div>\n<p><label> Nombre (*)<br \/>\n    <span class=\"wpcf7-form-control-wrap your-name\"><input type=\"text\" name=\"your-name\" value=\"\" size=\"40\" class=\"wpcf7-form-control wpcf7-text wpcf7-validates-as-required\" aria-required=\"true\" aria-invalid=\"false\" \/><\/span> <\/label><\/p>\n<p><label> Empresa (*)<br \/>\n    <span class=\"wpcf7-form-control-wrap empresa\"><textarea name=\"empresa\" cols=\"40\" rows=\"10\" class=\"wpcf7-form-control wpcf7-textarea\" aria-invalid=\"false\"><\/textarea><\/span><\/label><\/p>\n<p><label> E-mail (*)<br \/>\n    <span class=\"wpcf7-form-control-wrap your-email\"><input type=\"email\" name=\"your-email\" value=\"\" size=\"40\" class=\"wpcf7-form-control wpcf7-text wpcf7-email wpcf7-validates-as-required wpcf7-validates-as-email\" aria-required=\"true\" aria-invalid=\"false\" \/><\/span> <\/label><\/p>\n<p><label> Asunto<br \/>\n    <span class=\"wpcf7-form-control-wrap your-subject\"><input type=\"text\" name=\"your-subject\" value=\"\" size=\"40\" class=\"wpcf7-form-control wpcf7-text\" aria-invalid=\"false\" \/><\/span> <\/label><\/p>\n<p><label> Mensaje<br \/>\n    <span class=\"wpcf7-form-control-wrap your-message\"><textarea name=\"your-message\" cols=\"40\" rows=\"10\" class=\"wpcf7-form-control wpcf7-textarea\" aria-invalid=\"false\"><\/textarea><\/span> <\/label><\/p>\n<p class=\"politica-txt\" id=\"aviso-legal\">En cumplimiento del art\u00edculo 5\u00ba de la Ley Org\u00e1nica 15\/1999, de 13 de Diciembre, sobre Protecci\u00f3n de Datos de Car\u00e1cter Personal, por el que se regula el derecho de informaci\u00f3n en la recogida de los datos, le facilitamos la siguiente informaci\u00f3n: Los datos de car\u00e1cter personal que Ud. nos proporciona ser\u00e1n incorporados a un fichero debidamente registrado en la Agencia Espa\u00f1ola de Protecci\u00f3n de Datos del que es responsable  ARRALBE TOOLING, SL que garantiza la confidencialidad y seguridad de los datos facilitados, con la finalidad de gestionar la informaci\u00f3n recogida en la P\u00e1gina Web, no estando previsto cederlos a terceros.<br \/>\nSalvo que Ud. manifieste lo contrario, marcando la casilla que figura a continuaci\u00f3n y envi\u00e1ndonos un escrito a la direcci\u00f3n abajo indicada dentro del plazo de treinta d\u00edas, entendemos que Ud. consiente el tratamiento de sus datos para fines comerciales, incluso despu\u00e9s de terminada la relaci\u00f3n contractual.<br \/>\n<span class=\"wpcf7-form-control-wrap acceptance-19\"><span class=\"wpcf7-form-control wpcf7-acceptance optional\"><span class=\"wpcf7-list-item\"><input type=\"checkbox\" name=\"acceptance-19\" value=\"1\" aria-invalid=\"false\" \/><\/span><\/span><\/span> No consiento el tratamiento de mis datos para fines comerciales.<br \/>\nUd. tiene derecho a ejercer sus derechos de acceso, rectificaci\u00f3n o cancelaci\u00f3n de sus datos en los t\u00e9rminos establecidos en la Ley Org\u00e1nica 15\/1.999 de Protecci\u00f3n de Datos de Car\u00e1cter Personal y dem\u00e1s normativa concordante, dirigi\u00e9ndose a MEATZERREKA AUZOA, N\u00ba 11-BJ, C.P. 20500 ARRASATE-MONDRAG\u00d3N (GIPUZKOA).\n<\/p>\n<p><label><span class=\"wpcf7-form-control-wrap politica\"><span class=\"wpcf7-form-control wpcf7-acceptance\"><span class=\"wpcf7-list-item\"><input type=\"checkbox\" name=\"politica\" value=\"1\" aria-invalid=\"false\" \/><\/span><\/span><\/span> <a href=\"#aviso-legal\">Acepto la pol\u00edtica de privacidad<\/a><\/label><\/p>\n<p><input type=\"submit\" value=\"Enviar\" class=\"wpcf7-form-control has-spinner wpcf7-submit\" \/><\/p>\n<div class=\"wpcf7-response-output\" aria-hidden=\"true\"><\/div><\/form><\/div>\n<\/div><\/section><\/div>\n<\/div><\/div><\/div><!-- close content main div --><\/div><\/div><div id='after_section_2' class='main_color av_default_container_wrap container_wrap sidebar_right'   ><div class='container' ><div class='template-page content  av-content-small alpha units'><div class='post-entry post-entry-type-page post-entry-1300'><div class='entry-content-wrapper clearfix'>\n<div id='av_gmap_1' class='avia-google-map-container ' data-mapid='1' style='height: 400px;'><\/div>\n","protected":false},"excerpt":{"rendered":"","protected":false},"author":1,"featured_media":0,"parent":0,"menu_order":0,"comment_status":"closed","ping_status":"closed","template":"","meta":[],"yoast_head":"<!-- This site is optimized with the Yoast SEO plugin v18.2 - https:\/\/yoast.com\/wordpress\/plugins\/seo\/ -->\n<title>Contact - Arralbe Tooling.<\/title>\n<meta name=\"robots\" content=\"index, follow, max-snippet:-1, max-image-preview:large, max-video-preview:-1\" \/>\n<link rel=\"canonical\" href=\"https:\/\/arralbe.com\/en\/contact\/\" \/>\n<meta property=\"og:locale\" content=\"en_US\" \/>\n<meta property=\"og:type\" content=\"article\" \/>\n<meta property=\"og:title\" content=\"Contact - Arralbe Tooling.\" \/>\n<meta property=\"og:url\" content=\"https:\/\/arralbe.com\/en\/contact\/\" \/>\n<meta property=\"og:site_name\" content=\"Arralbe Tooling.\" \/>\n<meta property=\"article:modified_time\" content=\"2024-03-20T12:50:44+00:00\" \/>\n<meta name=\"twitter:card\" content=\"summary\" \/>\n<meta name=\"twitter:label1\" content=\"Est. reading time\" \/>\n\t<meta name=\"twitter:data1\" content=\"4 minutes\" \/>\n<script type=\"application\/ld+json\" class=\"yoast-schema-graph\">{\"@context\":\"https:\/\/schema.org\",\"@graph\":[{\"@type\":\"WebSite\",\"@id\":\"https:\/\/arralbe.com\/en\/#website\",\"url\":\"https:\/\/arralbe.com\/en\/\",\"name\":\"Arralbe Tooling.\",\"description\":\"Herramientas de corte - fresas\",\"potentialAction\":[{\"@type\":\"SearchAction\",\"target\":{\"@type\":\"EntryPoint\",\"urlTemplate\":\"https:\/\/arralbe.com\/en\/?s={search_term_string}\"},\"query-input\":\"required name=search_term_string\"}],\"inLanguage\":\"en-US\"},{\"@type\":\"WebPage\",\"@id\":\"https:\/\/arralbe.com\/en\/contact\/#webpage\",\"url\":\"https:\/\/arralbe.com\/en\/contact\/\",\"name\":\"Contact - Arralbe Tooling.\",\"isPartOf\":{\"@id\":\"https:\/\/arralbe.com\/en\/#website\"},\"datePublished\":\"2020-02-14T13:30:01+00:00\",\"dateModified\":\"2024-03-20T12:50:44+00:00\",\"breadcrumb\":{\"@id\":\"https:\/\/arralbe.com\/en\/contact\/#breadcrumb\"},\"inLanguage\":\"en-US\",\"potentialAction\":[{\"@type\":\"ReadAction\",\"target\":[\"https:\/\/arralbe.com\/en\/contact\/\"]}]},{\"@type\":\"BreadcrumbList\",\"@id\":\"https:\/\/arralbe.com\/en\/contact\/#breadcrumb\",\"itemListElement\":[{\"@type\":\"ListItem\",\"position\":1,\"name\":\"Portada\",\"item\":\"https:\/\/arralbe.com\/en\/\"},{\"@type\":\"ListItem\",\"position\":2,\"name\":\"Contact\"}]}]}<\/script>\n<!-- \/ Yoast SEO plugin. -->","yoast_head_json":{"title":"Contact - Arralbe Tooling.","robots":{"index":"index","follow":"follow","max-snippet":"max-snippet:-1","max-image-preview":"max-image-preview:large","max-video-preview":"max-video-preview:-1"},"canonical":"https:\/\/arralbe.com\/en\/contact\/","og_locale":"en_US","og_type":"article","og_title":"Contact - Arralbe Tooling.","og_url":"https:\/\/arralbe.com\/en\/contact\/","og_site_name":"Arralbe Tooling.","article_modified_time":"2024-03-20T12:50:44+00:00","twitter_card":"summary","twitter_misc":{"Est. reading time":"4 minutes"},"schema":{"@context":"https:\/\/schema.org","@graph":[{"@type":"WebSite","@id":"https:\/\/arralbe.com\/en\/#website","url":"https:\/\/arralbe.com\/en\/","name":"Arralbe Tooling.","description":"Herramientas de corte - fresas","potentialAction":[{"@type":"SearchAction","target":{"@type":"EntryPoint","urlTemplate":"https:\/\/arralbe.com\/en\/?s={search_term_string}"},"query-input":"required name=search_term_string"}],"inLanguage":"en-US"},{"@type":"WebPage","@id":"https:\/\/arralbe.com\/en\/contact\/#webpage","url":"https:\/\/arralbe.com\/en\/contact\/","name":"Contact - Arralbe Tooling.","isPartOf":{"@id":"https:\/\/arralbe.com\/en\/#website"},"datePublished":"2020-02-14T13:30:01+00:00","dateModified":"2024-03-20T12:50:44+00:00","breadcrumb":{"@id":"https:\/\/arralbe.com\/en\/contact\/#breadcrumb"},"inLanguage":"en-US","potentialAction":[{"@type":"ReadAction","target":["https:\/\/arralbe.com\/en\/contact\/"]}]},{"@type":"BreadcrumbList","@id":"https:\/\/arralbe.com\/en\/contact\/#breadcrumb","itemListElement":[{"@type":"ListItem","position":1,"name":"Portada","item":"https:\/\/arralbe.com\/en\/"},{"@type":"ListItem","position":2,"name":"Contact"}]}]}},"_links":{"self":[{"href":"https:\/\/arralbe.com\/en\/wp-json\/wp\/v2\/pages\/1300"}],"collection":[{"href":"https:\/\/arralbe.com\/en\/wp-json\/wp\/v2\/pages"}],"about":[{"href":"https:\/\/arralbe.com\/en\/wp-json\/wp\/v2\/types\/page"}],"author":[{"embeddable":true,"href":"https:\/\/arralbe.com\/en\/wp-json\/wp\/v2\/users\/1"}],"replies":[{"embeddable":true,"href":"https:\/\/arralbe.com\/en\/wp-json\/wp\/v2\/comments?post=1300"}],"version-history":[{"count":8,"href":"https:\/\/arralbe.com\/en\/wp-json\/wp\/v2\/pages\/1300\/revisions"}],"predecessor-version":[{"id":2321,"href":"https:\/\/arralbe.com\/en\/wp-json\/wp\/v2\/pages\/1300\/revisions\/2321"}],"wp:attachment":[{"href":"https:\/\/arralbe.com\/en\/wp-json\/wp\/v2\/media?parent=1300"}],"curies":[{"name":"wp","href":"https:\/\/api.w.org\/{rel}","templated":true}]}}